{"id":1341,"date":"2025-03-12T18:29:33","date_gmt":"2025-03-12T17:29:33","guid":{"rendered":"https:\/\/www.bibliocharlesbertin.be\/?page_id=1341"},"modified":"2025-05-13T11:07:55","modified_gmt":"2025-05-13T09:07:55","slug":"horaires","status":"publish","type":"page","link":"https:\/\/www.bibliocharlesbertin.be\/index.php\/horaires\/","title":{"rendered":"Horaires"},"content":{"rendered":"<div class=\"wpb-content-wrapper\"><p>[vc_row][vc_column][vc_column_text css=\u00a0\u00bb\u00a0\u00bb]<\/p>\n<table border=\"0\" cellspacing=\"0\" cellpadding=\"0\">\n<tbody>\n<tr>\n<td style=\"text-align: left;\" nowrap=\"nowrap\"><strong>mardi, mercredi, jeudi<\/strong><\/td>\n<td style=\"text-align: left;\" nowrap=\"nowrap\">\u00a0 de 14h \u00e0 18h<\/td>\n<\/tr>\n<tr>\n<td style=\"text-align: left;\" nowrap=\"nowrap\"><strong>samedi et dimanche<\/strong><\/td>\n<td style=\"text-align: left;\" nowrap=\"nowrap\">\u00a0\u00a0de 10h \u00e0 12h30<\/td>\n<\/tr>\n<\/tbody>\n<\/table>\n<p>Fermeture annuelle de deux semaines durant l&rsquo;\u00e9t\u00e9, cette ann\u00e9e du 2 au 17 ao\u00fbt 2025.<\/p>\n<p>RAPPEL : vous pouvez restituer les ouvrages que vous avez emprunt\u00e9s via la bo\u00eete \u00e0 livres, qui se trouve \u00e0 l&rsquo;ext\u00e9rieur de la biblioth\u00e8que, sur le c\u00f4t\u00e9 droit de la porte d&rsquo;entr\u00e9e.\u00a0 Ces restitutions sont g\u00e9n\u00e9ralement trait\u00e9es le jour m\u00eame ou le lendemain.<\/p>\n<div id=\"ConnectiveDocSignExtentionInstalled\" data-extension-version=\"1.0.4\"><\/div>\n<p>[\/vc_column_text][\/vc_column][\/vc_row]<\/p>\n<\/div>","protected":false},"excerpt":{"rendered":"<p>[vc_row][vc_column][vc_column_text css=\u00a0\u00bb\u00a0\u00bb] mardi, mercredi, jeudi \u00a0 de 14h \u00e0 18h samedi et dimanche \u00a0\u00a0de 10h \u00e0 12h30 Fermeture annuelle de..<\/p>\n","protected":false},"author":1,"featured_media":0,"parent":0,"menu_order":0,"comment_status":"closed","ping_status":"closed","template":"","meta":{"footnotes":""},"class_list":["post-1341","page","type-page","status-publish","hentry"],"_links":{"self":[{"href":"https:\/\/www.bibliocharlesbertin.be\/index.php\/wp-json\/wp\/v2\/pages\/1341","targetHints":{"allow":["GET"]}}],"collection":[{"href":"https:\/\/www.bibliocharlesbertin.be\/index.php\/wp-json\/wp\/v2\/pages"}],"about":[{"href":"https:\/\/www.bibliocharlesbertin.be\/index.php\/wp-json\/wp\/v2\/types\/page"}],"author":[{"embeddable":true,"href":"https:\/\/www.bibliocharlesbertin.be\/index.php\/wp-json\/wp\/v2\/users\/1"}],"replies":[{"embeddable":true,"href":"https:\/\/www.bibliocharlesbertin.be\/index.php\/wp-json\/wp\/v2\/comments?post=1341"}],"version-history":[{"count":7,"href":"https:\/\/www.bibliocharlesbertin.be\/index.php\/wp-json\/wp\/v2\/pages\/1341\/revisions"}],"predecessor-version":[{"id":1614,"href":"https:\/\/www.bibliocharlesbertin.be\/index.php\/wp-json\/wp\/v2\/pages\/1341\/revisions\/1614"}],"wp:attachment":[{"href":"https:\/\/www.bibliocharlesbertin.be\/index.php\/wp-json\/wp\/v2\/media?parent=1341"}],"curies":[{"name":"wp","href":"https:\/\/api.w.org\/{rel}","templated":true}]}}