{"id":1369,"date":"2025-03-12T19:25:28","date_gmt":"2025-03-12T18:25:28","guid":{"rendered":"https:\/\/www.bibliocharlesbertin.be\/?page_id=1369"},"modified":"2025-03-12T19:43:46","modified_gmt":"2025-03-12T18:43:46","slug":"reglement-du-concours","status":"publish","type":"page","link":"https:\/\/www.bibliocharlesbertin.be\/index.php\/reglement-du-concours\/","title":{"rendered":"R\u00e8glement du concours"},"content":{"rendered":"<div class=\"wpb-content-wrapper\"><p>[vc_row][vc_column][vc_custom_heading text=\u00a0\u00bbConcours de dessin manga (2025)\u00a0\u00bb font_container=\u00a0\u00bbtag:h2|text_align:center\u00a0\u00bb css=\u00a0\u00bb\u00a0\u00bb][vc_custom_heading text=\u00a0\u00bbTh\u00e8me : \u00ab Les lapins de P\u00e2ques h\u00e9ro\u00efques \u00bb\u00a0\u00bb font_container=\u00a0\u00bbtag:h2|text_align:center|color:%23DD3333&Prime; css=\u00a0\u00bb\u00a0\u00bb][vc_single_image image=\u00a0\u00bb1246&Prime; img_size=\u00a0\u00bbfull\u00a0\u00bb alignment=\u00a0\u00bbcenter\u00a0\u00bb css=\u00a0\u00bb\u00a0\u00bb][vc_column_text css=\u00a0\u00bb\u00a0\u00bb]<\/p>\n<p class=\"cvGsUA direction-ltr align-start para-style-body\"><span class=\"OYPEnA font-feature-liga-off font-feature-clig-off font-feature-calt-off text-decoration-none text-strikethrough-none\">Imaginez un groupe de lapins avec des super-pouvoirs, combattant des forces du mal pour prot\u00e9ger la f\u00eate de P\u00e2ques :<\/span><\/p>\n<ul>\n<li><span class=\"OYPEnA font-feature-liga-off font-feature-clig-off font-feature-calt-off text-decoration-none text-strikethrough-none\">Super Lapin \u00c9clair peut se d\u00e9placer \u00e0 la vitesse de la lumi\u00e8re pour distribuer des \u0153ufs partout dans le monde en un temps record.<\/span><\/li>\n<li><span class=\"OYPEnA font-feature-liga-off font-feature-clig-off font-feature-calt-off text-decoration-none text-strikethrough-none\">Lapin Ninja a des comp\u00e9tences en arts martiaux, d\u00e9fendant les enfants des cr\u00e9atures qui essaient de voler les \u0153ufs de P\u00e2ques.<\/span><\/li>\n<li><span class=\"OYPEnA font-feature-liga-off font-feature-clig-off font-feature-calt-off text-decoration-none text-strikethrough-none\">Lapin Magicien utilise des sorts magiques pour cr\u00e9er des \u0153ufs incroyablement beaux et les cacher dans des endroits insolites.<\/span><\/li>\n<\/ul>\n<p><strong><span class=\"OYPEnA font-feature-liga-off font-feature-clig-off font-feature-calt-off text-decoration-none text-strikethrough-none\">Laissez libre cours \u00e0 votre cr\u00e9ativit\u00e9, surprenez-nous !<\/span><\/strong><\/p>\n<p>&nbsp;<\/p>\n<p><span class=\"OYPEnA font-feature-liga-off font-feature-clig-off font-feature-calt-off text-decoration-none text-strikethrough-none\">Le concours est organis\u00e9 par la Biblioth\u00e8que Charles Bertin.<\/span><\/p>\n<p><span class=\"OYPEnA font-feature-liga-off font-feature-clig-off font-feature-calt-off text-decoration-none text-strikethrough-none\">La participation est gratuite pour tous les lecteurs inscrits \u00e0 la biblioth\u00e8que (10\u20ac pour les nouveaux membres) et \u00e0 partir de 8 ans.<\/span><\/p>\n<p>&nbsp;<\/p>\n<p><span class=\"OYPEnA font-feature-liga-off font-feature-clig-off font-feature-calt-off text-decoration-none text-strikethrough-none\">Les participants sont invit\u00e9s \u00e0 r\u00e9aliser un dessin (technique au choix*, noir et blanc ou couleurs) sur le th\u00e8me pr\u00e9cis du concours dans un\u00a0<\/span><span class=\"OYPEnA font-feature-liga-off font-feature-clig-off font-feature-calt-off text-decoration-none text-strikethrough-none\">style reconnaissable manga<\/span><span class=\"OYPEnA font-feature-liga-off font-feature-clig-off font-feature-calt-off text-decoration-none text-strikethrough-none\">\u00a0au format minimum 21 cm x 29,7 cm (A4) et maximum 29,7 cm x 42 cm (A3).<\/span><\/p>\n<p><span class=\"OYPEnA font-feature-liga-off font-feature-clig-off font-feature-calt-off text-decoration-none text-strikethrough-none\">Chaque participant peut pr\u00e9senter 1 \u00e0 3 dessin(s) maximum.<\/span><\/p>\n<p><span class=\"OYPEnA font-feature-liga-off font-feature-clig-off font-feature-calt-off text-decoration-none text-strikethrough-none\">*\u00a0L\u2019IA peut \u00eatre une aide cr\u00e9ative mais le travail artistique manuel reste privil\u00e9gi\u00e9, aucune impression num\u00e9rique ne sera accept\u00e9e.<\/span><\/p>\n<p>&nbsp;<\/p>\n<p><span class=\"OYPEnA font-feature-liga-off font-feature-clig-off font-feature-calt-off text-decoration-none text-strikethrough-none\">Le nom, le pr\u00e9nom, l\u2019\u00e2ge, une adresse mail et un num\u00e9ro de t\u00e9l\u00e9phone<\/span><span class=\"OYPEnA font-feature-liga-off font-feature-clig-off font-feature-calt-off text-decoration-none text-strikethrough-none\">\u00a0doivent figurer de mani\u00e8re\u00a0<\/span><span class=\"OYPEnA font-feature-liga-off font-feature-clig-off font-feature-calt-off text-decoration-none text-strikethrough-none\">lisible\u00a0<\/span><span class=\"OYPEnA font-feature-liga-off font-feature-clig-off font-feature-calt-off text-decoration-none text-strikethrough-none\">au verso de chaque dessin.<\/span><\/p>\n<p>&nbsp;<\/p>\n<p><span class=\"OYPEnA font-feature-liga-off font-feature-clig-off font-feature-calt-off text-decoration-none text-strikethrough-none\">D\u00e8s le mois de janvier, les \u0153uvres sont \u00e0 d\u00e9poser \u00e0 la Biblioth\u00e8que Charles Bertin au comptoir de pr\u00eat durant les heures d\u2019ouverture (mardi, mercredi et jeudi de 14h00 \u00e0 18h00 ; samedi et dimanche de 10h00 \u00e0 12h30) jusqu&rsquo;au\u00a0<\/span><span class=\"OYPEnA font-feature-liga-off font-feature-clig-off font-feature-calt-off text-decoration-none text-strikethrough-none\">samedi 12 avril 2025<\/span><span class=\"OYPEnA font-feature-liga-off font-feature-clig-off font-feature-calt-off text-decoration-none text-strikethrough-none\">.<\/span><\/p>\n<p><span class=\"OYPEnA font-feature-liga-off font-feature-clig-off font-feature-calt-off text-decoration-none text-strikethrough-none\">L&rsquo;exposition des dessins aura lieu<strong>\u00a0du 15 au 26 avril 2025<\/strong>\u00a0pendant les heures d\u2019ouverture de la biblioth\u00e8que.<\/span><\/p>\n<p><span class=\"OYPEnA font-feature-liga-off font-feature-clig-off font-feature-calt-off text-decoration-none text-strikethrough-none\">Un jury se r\u00e9unira le 24 avril 2025 pour d\u00e9signer les gagnants des diff\u00e9rentes cat\u00e9gories : vote du public, respect du th\u00e8me, style et technique, meilleur espoir.<\/span><\/p>\n<p>&nbsp;<\/p>\n<p><span class=\"OYPEnA font-feature-liga-off font-feature-clig-off font-feature-calt-off text-decoration-none text-strikethrough-none\">Les dessins fournis deviennent la propri\u00e9t\u00e9 de la Biblioth\u00e8que Charles Bertin et pourront \u00eatre utilis\u00e9s dans le cadre de ses activit\u00e9s.<\/span><\/p>\n<p>&nbsp;<\/p>\n<p><span class=\"OYPEnA font-feature-liga-off font-feature-clig-off font-feature-calt-off text-decoration-none text-strikethrough-none\">Les laur\u00e9ats seront personnellement avertis et invit\u00e9s pour la remise des prix le\u00a0<\/span><span class=\"OYPEnA font-feature-liga-off font-feature-clig-off font-feature-calt-off text-decoration-none text-strikethrough-none\">samedi 26 avril 2025 \u00e0 10h30<\/span><span class=\"OYPEnA font-feature-liga-off font-feature-clig-off font-feature-calt-off text-decoration-none text-strikethrough-none\">.<\/span><\/p>\n<p><span class=\"OYPEnA font-feature-liga-off font-feature-clig-off font-feature-calt-off text-decoration-none text-strikethrough-none\">La biblioth\u00e8que Charles Bertin se r\u00e9serve le droit de modifier ce r\u00e8glement si n\u00e9cessaire durant la dur\u00e9e du concours.<\/span>[\/vc_column_text][\/vc_column][\/vc_row]<\/p>\n<\/div>","protected":false},"excerpt":{"rendered":"<p>[vc_row][vc_column][vc_custom_heading text=\u00a0\u00bbConcours de dessin manga (2025)\u00a0\u00bb font_container=\u00a0\u00bbtag:h2|text_align:center\u00a0\u00bb css=\u00a0\u00bb\u00a0\u00bb][vc_custom_heading text=\u00a0\u00bbTh\u00e8me : \u00ab Les lapins de P\u00e2ques h\u00e9ro\u00efques \u00bb\u00a0\u00bb font_container=\u00a0\u00bbtag:h2|text_align:center|color:%23DD3333&Prime; css=\u00a0\u00bb\u00a0\u00bb][vc_single_image image=\u00a0\u00bb1246&Prime;..<\/p>\n","protected":false},"author":1,"featured_media":0,"parent":0,"menu_order":0,"comment_status":"closed","ping_status":"closed","template":"","meta":{"footnotes":""},"class_list":["post-1369","page","type-page","status-publish","hentry"],"_links":{"self":[{"href":"https:\/\/www.bibliocharlesbertin.be\/index.php\/wp-json\/wp\/v2\/pages\/1369","targetHints":{"allow":["GET"]}}],"collection":[{"href":"https:\/\/www.bibliocharlesbertin.be\/index.php\/wp-json\/wp\/v2\/pages"}],"about":[{"href":"https:\/\/www.bibliocharlesbertin.be\/index.php\/wp-json\/wp\/v2\/types\/page"}],"author":[{"embeddable":true,"href":"https:\/\/www.bibliocharlesbertin.be\/index.php\/wp-json\/wp\/v2\/users\/1"}],"replies":[{"embeddable":true,"href":"https:\/\/www.bibliocharlesbertin.be\/index.php\/wp-json\/wp\/v2\/comments?post=1369"}],"version-history":[{"count":5,"href":"https:\/\/www.bibliocharlesbertin.be\/index.php\/wp-json\/wp\/v2\/pages\/1369\/revisions"}],"predecessor-version":[{"id":1389,"href":"https:\/\/www.bibliocharlesbertin.be\/index.php\/wp-json\/wp\/v2\/pages\/1369\/revisions\/1389"}],"wp:attachment":[{"href":"https:\/\/www.bibliocharlesbertin.be\/index.php\/wp-json\/wp\/v2\/media?parent=1369"}],"curies":[{"name":"wp","href":"https:\/\/api.w.org\/{rel}","templated":true}]}}