{"id":22,"date":"2025-03-07T15:51:50","date_gmt":"2025-03-07T14:51:50","guid":{"rendered":"https:\/\/www.bibliocharlesbertin.be\/?page_id=22"},"modified":"2025-03-27T14:58:58","modified_gmt":"2025-03-27T13:58:58","slug":"section-jeunesse","status":"publish","type":"page","link":"https:\/\/www.bibliocharlesbertin.be\/index.php\/section-jeunesse\/","title":{"rendered":"Section jeunesse"},"content":{"rendered":"<div class=\"wpb-content-wrapper\"><p>[vc_row][vc_column][vc_column_text css=\u00a0\u00bb\u00a0\u00bb]<\/p>\n<div class=\"page-header\">\n<h2><span style=\"font-size: 16px;\">Plus de 8000 livres vous attendent !<\/span><\/h2>\n<\/div>\n<div>\n<p><img loading=\"lazy\" decoding=\"async\" class=\"aligncenter wp-image-1357 \" src=\"https:\/\/www.bibliocharlesbertin.be\/wp-content\/uploads\/2025\/03\/IMG_20191025_125502193_HDR-1.jpg\" alt=\"\" width=\"926\" height=\"406\" srcset=\"https:\/\/www.bibliocharlesbertin.be\/wp-content\/uploads\/2025\/03\/IMG_20191025_125502193_HDR-1.jpg 569w, https:\/\/www.bibliocharlesbertin.be\/wp-content\/uploads\/2025\/03\/IMG_20191025_125502193_HDR-1-300x131.jpg 300w\" sizes=\"auto, (max-width: 926px) 100vw, 926px\" \/><\/p>\n<p>&nbsp;<\/p>\n<p>La section jeunesse propose d&rsquo;excellents ouvrages : des romans jeunesse, des bandes-dessin\u00e9es, des livres instructifs r\u00e9cents, une s\u00e9lection des meilleures livres du Prix Versele organis\u00e9 par la Ligue des Familles pour les enfants de 3 \u00e0 11 ans ou encore le label Ado-Lisant, mais aussi des centaines de mangas !<\/p>\n<p>Dans le cadre de nos activit\u00e9s pour la section jeunesse, nous vous proposons les\u00a0<a href=\"https:\/\/www.bibliocharlesbertin.be\/index.php\/balade-contee\/\">conteries\u00a0<\/a>pour les enfants entre 3 et 6 ans, mais aussi d&rsquo;autres animations (concours, ateliers cr\u00e9atifs&#8230;).<\/p>\n<p>Nous recevons sur demande les classes d&rsquo;\u00e9cole maternelles et primaires pour des s\u00e9ances de recherches documentaires ou des initiations \u00e0 la lecture, ou encore des animations permettant de d\u00e9velopper le plaisir de lire.<\/p>\n<\/div>\n<p>[\/vc_column_text][\/vc_column][\/vc_row]<\/p>\n<\/div>","protected":false},"excerpt":{"rendered":"<p>[vc_row][vc_column][vc_column_text css=\u00a0\u00bb\u00a0\u00bb] Plus de 8000 livres vous attendent ! &nbsp; La section jeunesse propose d&rsquo;excellents ouvrages : des romans jeunesse,..<\/p>\n","protected":false},"author":1,"featured_media":0,"parent":0,"menu_order":0,"comment_status":"closed","ping_status":"closed","template":"","meta":{"footnotes":""},"class_list":["post-22","page","type-page","status-publish","hentry"],"_links":{"self":[{"href":"https:\/\/www.bibliocharlesbertin.be\/index.php\/wp-json\/wp\/v2\/pages\/22","targetHints":{"allow":["GET"]}}],"collection":[{"href":"https:\/\/www.bibliocharlesbertin.be\/index.php\/wp-json\/wp\/v2\/pages"}],"about":[{"href":"https:\/\/www.bibliocharlesbertin.be\/index.php\/wp-json\/wp\/v2\/types\/page"}],"author":[{"embeddable":true,"href":"https:\/\/www.bibliocharlesbertin.be\/index.php\/wp-json\/wp\/v2\/users\/1"}],"replies":[{"embeddable":true,"href":"https:\/\/www.bibliocharlesbertin.be\/index.php\/wp-json\/wp\/v2\/comments?post=22"}],"version-history":[{"count":7,"href":"https:\/\/www.bibliocharlesbertin.be\/index.php\/wp-json\/wp\/v2\/pages\/22\/revisions"}],"predecessor-version":[{"id":1437,"href":"https:\/\/www.bibliocharlesbertin.be\/index.php\/wp-json\/wp\/v2\/pages\/22\/revisions\/1437"}],"wp:attachment":[{"href":"https:\/\/www.bibliocharlesbertin.be\/index.php\/wp-json\/wp\/v2\/media?parent=22"}],"curies":[{"name":"wp","href":"https:\/\/api.w.org\/{rel}","templated":true}]}}